{"id":198,"date":"2021-09-21T13:34:08","date_gmt":"2021-09-21T11:34:08","guid":{"rendered":"http:\/\/lambda-sa.pl\/lambda\/?page_id=198"},"modified":"2023-11-10T14:41:12","modified_gmt":"2023-11-10T13:41:12","slug":"kalendarium","status":"publish","type":"page","link":"http:\/\/lambda-sa.pl\/lambda\/?page_id=198","title":{"rendered":"Kalendarium"},"content":{"rendered":"[vc_row type=&#8221;in_container&#8221; full_screen_row_position=&#8221;middle&#8221; column_margin=&#8221;default&#8221; column_direction=&#8221;default&#8221; column_direction_tablet=&#8221;default&#8221; column_direction_phone=&#8221;default&#8221; scene_position=&#8221;center&#8221; top_padding=&#8221;80&#8243; bottom_padding=&#8221;80&#8243; text_color=&#8221;dark&#8221; text_align=&#8221;left&#8221; row_border_radius=&#8221;none&#8221; row_border_radius_applies=&#8221;bg&#8221; overlay_strength=&#8221;0.3&#8243; gradient_direction=&#8221;left_to_right&#8221; shape_divider_position=&#8221;bottom&#8221; bg_image_animation=&#8221;none&#8221; shape_type=&#8221;&#8221;][vc_column column_padding=&#8221;no-extra-padding&#8221; column_padding_tablet=&#8221;inherit&#8221; column_padding_phone=&#8221;inherit&#8221; column_padding_position=&#8221;all&#8221; column_element_spacing=&#8221;default&#8221; background_color_opacity=&#8221;1&#8243; background_hover_color_opacity=&#8221;1&#8243; column_shadow=&#8221;none&#8221; column_border_radius=&#8221;none&#8221; column_link_target=&#8221;_self&#8221; gradient_direction=&#8221;left_to_right&#8221; overlay_strength=&#8221;0.3&#8243; width=&#8221;1\/1&#8243; tablet_width_inherit=&#8221;default&#8221; tablet_text_alignment=&#8221;default&#8221; phone_text_alignment=&#8221;default&#8221; bg_image_animation=&#8221;none&#8221; border_type=&#8221;simple&#8221; column_border_width=&#8221;none&#8221; column_border_style=&#8221;solid&#8221;][tabbed_section style=&#8221;vertical_modern&#8221; tab_color=&#8221;Accent-Color&#8221;][tab icon_family=&#8221;none&#8221; title=&#8221;2023&#8243; id=&#8221;1699623629674-7&#8243; tab_id=&#8221;1699623629675-5&#8243;][vc_column_text]<a href=\"http:\/\/lambda-sa.pl\/lambda\/wp-content\/uploads\/2023\/11\/Uchwala-rady-nadzorczej-okreslajaca-date-wyplaty-dywidendy-za-rok-2022.pdf\">30.09.2023 Uchwa\u0142a rady nadzorczej okre\u015blaj\u0105ca dat\u0119 wyp\u0142aty dywidendy za rok 2022<\/a>[\/vc_column_text][vc_column_text][\/vc_column_text][\/tab][tab icon_family=&#8221;none&#8221; title=&#8221;2022&#8243; id=&#8221;1699623629719-1&#8243; tab_id=&#8221;1699623629720-0&#8243;][vc_column_text]brak danych[\/vc_column_text][\/tab][tab icon_family=&#8221;none&#8221; title=&#8221;2021&#8243; id=&#8221;1699623629734-9&#8243; tab_id=&#8221;1699623629735-8&#8243;][vc_column_text]\n<ul>\n<li><a href=\"http:\/\/lambda-sa.pl\/lambda\/wp-content\/uploads\/2021\/11\/uchwala-rady-nadzorczej-data-wyplaty-dywidendy-za-2020.pdf\">28.10.2021\u00a0 |\u00a0Uchwa\u0142a rady nadzorczej okres\u0301laja\u0328ca date\u0328 wyp\u0142aty dywidendy za rok 2020<\/a><\/li>\n<\/ul>\n[\/vc_column_text][vc_column_text][\/vc_column_text][\/tab][tab icon_family=&#8221;none&#8221; title=&#8221;2020&#8243; id=&#8221;1699623629764-4&#8243; tab_id=&#8221;1699623629764-7&#8243;][vc_column_text]\n<ul>\n<li><a href=\"http:\/\/lambda-sa.pl\/lambda\/wp-content\/uploads\/2021\/09\/Informacja-dla-Akcjonariuszy-Lambda-S.A.-nt.-obowia\u0328zkowej-dematerializacji-akcji.pdf\" target=\"_blank\" rel=\"noopener\">30.09.2020\u00a0 |\u00a0 Informacja dla Akcjonariuszy Lambda S.A. nt. obowia\u0328zkowej dematerializacji akcji<\/a><\/li>\n<li><a href=\"http:\/\/lambda-sa.pl\/lambda\/wp-content\/uploads\/2021\/09\/Uchwala-rady-nadzorczej-okres\u0301laja\u0328ca-date\u0328-wyplaty-dywidendy-za-rok-2019.pdf\" target=\"_blank\" rel=\"noopener\">29.09.2020\u00a0 |\u00a0 Uchwa\u0142a rady nadzorczej okres\u0301laja\u0328ca date\u0328 wyp\u0142aty dywidendy za rok 2019<\/a><\/li>\n<\/ul>\n[\/vc_column_text][\/tab][\/tabbed_section][\/vc_column][\/vc_row][vc_row type=&#8221;in_container&#8221; full_screen_row_position=&#8221;middle&#8221; column_margin=&#8221;default&#8221; column_direction=&#8221;default&#8221; column_direction_tablet=&#8221;default&#8221; column_direction_phone=&#8221;default&#8221; scene_position=&#8221;center&#8221; text_color=&#8221;dark&#8221; text_align=&#8221;left&#8221; row_border_radius=&#8221;none&#8221; row_border_radius_applies=&#8221;bg&#8221; overlay_strength=&#8221;0.3&#8243; gradient_direction=&#8221;left_to_right&#8221; shape_divider_position=&#8221;bottom&#8221; bg_image_animation=&#8221;none&#8221;][vc_column column_padding=&#8221;no-extra-padding&#8221; column_padding_tablet=&#8221;inherit&#8221; column_padding_phone=&#8221;inherit&#8221; column_padding_position=&#8221;all&#8221; column_element_spacing=&#8221;default&#8221; background_color_opacity=&#8221;1&#8243; background_hover_color_opacity=&#8221;1&#8243; column_shadow=&#8221;none&#8221; column_border_radius=&#8221;none&#8221; column_link_target=&#8221;_self&#8221; gradient_direction=&#8221;left_to_right&#8221; overlay_strength=&#8221;0.3&#8243; width=&#8221;1\/1&#8243; tablet_width_inherit=&#8221;default&#8221; tablet_text_alignment=&#8221;default&#8221; phone_text_alignment=&#8221;default&#8221; bg_image_animation=&#8221;none&#8221; border_type=&#8221;simple&#8221; column_border_width=&#8221;none&#8221; column_border_style=&#8221;solid&#8221;][\/vc_column][\/vc_row]","protected":false},"excerpt":{"rendered":"<p>[vc_row type=&#8221;in_container&#8221; full_screen_row_position=&#8221;middle&#8221; column_margin=&#8221;default&#8221; column_direction=&#8221;default&#8221; column_direction_tablet=&#8221;default&#8221; column_direction_phone=&#8221;default&#8221; scene_position=&#8221;center&#8221; top_padding=&#8221;80&#8243; bottom_padding=&#8221;80&#8243; text_color=&#8221;dark&#8221; text_align=&#8221;left&#8221; row_border_radius=&#8221;none&#8221; row_border_radius_applies=&#8221;bg&#8221; overlay_strength=&#8221;0.3&#8243; gradient_direction=&#8221;left_to_right&#8221; shape_divider_position=&#8221;bottom&#8221; bg_image_animation=&#8221;none&#8221; shape_type=&#8221;&#8221;][vc_column column_padding=&#8221;no-extra-padding&#8221; column_padding_tablet=&#8221;inherit&#8221; column_padding_phone=&#8221;inherit&#8221; column_padding_position=&#8221;all&#8221; column_element_spacing=&#8221;default&#8221; background_color_opacity=&#8221;1&#8243; background_hover_color_opacity=&#8221;1&#8243; column_shadow=&#8221;none&#8221; column_border_radius=&#8221;none&#8221; column_link_target=&#8221;_self&#8221; gradient_direction=&#8221;left_to_right&#8221;&#8230;<\/p>\n","protected":false},"author":1,"featured_media":0,"parent":0,"menu_order":0,"comment_status":"closed","ping_status":"closed","template":"","meta":[],"_links":{"self":[{"href":"http:\/\/lambda-sa.pl\/lambda\/index.php?rest_route=\/wp\/v2\/pages\/198"}],"collection":[{"href":"http:\/\/lambda-sa.pl\/lambda\/index.php?rest_route=\/wp\/v2\/pages"}],"about":[{"href":"http:\/\/lambda-sa.pl\/lambda\/index.php?rest_route=\/wp\/v2\/types\/page"}],"author":[{"embeddable":true,"href":"http:\/\/lambda-sa.pl\/lambda\/index.php?rest_route=\/wp\/v2\/users\/1"}],"replies":[{"embeddable":true,"href":"http:\/\/lambda-sa.pl\/lambda\/index.php?rest_route=%2Fwp%2Fv2%2Fcomments&post=198"}],"version-history":[{"count":17,"href":"http:\/\/lambda-sa.pl\/lambda\/index.php?rest_route=\/wp\/v2\/pages\/198\/revisions"}],"predecessor-version":[{"id":298,"href":"http:\/\/lambda-sa.pl\/lambda\/index.php?rest_route=\/wp\/v2\/pages\/198\/revisions\/298"}],"wp:attachment":[{"href":"http:\/\/lambda-sa.pl\/lambda\/index.php?rest_route=%2Fwp%2Fv2%2Fmedia&parent=198"}],"curies":[{"name":"wp","href":"https:\/\/api.w.org\/{rel}","templated":true}]}}