{"id":220,"date":"2021-09-21T14:04:54","date_gmt":"2021-09-21T12:04:54","guid":{"rendered":"http:\/\/lambda-sa.pl\/lambda\/?page_id=220"},"modified":"2023-07-27T15:04:16","modified_gmt":"2023-07-27T13:04:16","slug":"walne-zgromadzenia","status":"publish","type":"page","link":"http:\/\/lambda-sa.pl\/lambda\/?page_id=220","title":{"rendered":"Walne zgromadzenia"},"content":{"rendered":"[vc_row type=&#8221;in_container&#8221; full_screen_row_position=&#8221;middle&#8221; column_margin=&#8221;default&#8221; column_direction=&#8221;default&#8221; column_direction_tablet=&#8221;default&#8221; column_direction_phone=&#8221;default&#8221; scene_position=&#8221;center&#8221; top_padding=&#8221;80&#8243; bottom_padding=&#8221;80&#8243; text_color=&#8221;dark&#8221; text_align=&#8221;left&#8221; row_border_radius=&#8221;none&#8221; row_border_radius_applies=&#8221;bg&#8221; overlay_strength=&#8221;0.3&#8243; gradient_direction=&#8221;left_to_right&#8221; shape_divider_position=&#8221;bottom&#8221; bg_image_animation=&#8221;none&#8221; shape_type=&#8221;&#8221;][vc_column column_padding=&#8221;no-extra-padding&#8221; column_padding_tablet=&#8221;inherit&#8221; column_padding_phone=&#8221;inherit&#8221; column_padding_position=&#8221;all&#8221; column_element_spacing=&#8221;default&#8221; background_color_opacity=&#8221;1&#8243; background_hover_color_opacity=&#8221;1&#8243; column_shadow=&#8221;none&#8221; column_border_radius=&#8221;none&#8221; column_link_target=&#8221;_self&#8221; gradient_direction=&#8221;left_to_right&#8221; overlay_strength=&#8221;0.3&#8243; width=&#8221;1\/1&#8243; tablet_width_inherit=&#8221;default&#8221; tablet_text_alignment=&#8221;default&#8221; phone_text_alignment=&#8221;default&#8221; bg_image_animation=&#8221;none&#8221; border_type=&#8221;simple&#8221; column_border_width=&#8221;none&#8221; column_border_style=&#8221;solid&#8221;][tabbed_section style=&#8221;vertical_modern&#8221; tab_color=&#8221;Accent-Color&#8221;][tab icon_family=&#8221;none&#8221; title=&#8221;2023&#8243; id=&#8221;1690462837455-9&#8243; tab_id=&#8221;1690462837456-3&#8243;][vc_column_text]Zarz\u0105d Sp\u00f3\u0142ki \u201eLambda\u201d Sp\u00f3\u0142ka Akcyjna z siedzib\u0105 w \u0141odzi zwo\u0142uje Zwyczajne Walne Zgromadzenie Akcjonariuszy na dzie\u0144 13 lipca 2023 r. o godzinie 11\u00b0\u00b0 w siedzibie Sp\u00f3\u0142ki przy<\/p>\n<ol>\n<li>Morgowej 9 w \u0141odzi.<\/li>\n<\/ol>\n<p>Porz\u0105dek obrad:<\/p>\n<ol>\n<li>Otwarcie Walnego Zgromadzenia.<\/li>\n<li>Wyb\u00f3r Przewodnicz\u0105cego Walnego Zgromadzenia.<\/li>\n<li>Stwierdzenie prawid\u0142owo\u015bci zwo\u0142ania Walnego Zgromadzenia oraz jego zdolno\u015bci do podejmowania uchwa\u0142.<\/li>\n<li>Wyb\u00f3r Komisji Skrutacyjnej.<\/li>\n<li>Rozpatrzenie sprawozda\u0144 Zarz\u0105du Sp\u00f3\u0142ki i Rady Nadzorczej.<\/li>\n<li>Podj\u0119cie uchwa\u0142 w sprawach:<\/li>\n<li>a) zatwierdzenia sprawozdania finansowego za rok 2022<\/li>\n<li>b) podzia\u0142u zysku za rok 2022<\/li>\n<li>c) udzielenia Zarz\u0105dowi i Radzie Nadzorczej pokwitowania z wykonania obowi\u0105zk\u00f3w<\/li>\n<li>d) zmiany statutu Sp\u00f3\u0142ki przez dodanie w \u00a7 5 punkt\u00f3w 60 i 61 w brzmieniu:<\/li>\n<li>46.42.Z Sprzeda\u017c hurtowa i detaliczna odzie\u017cy i obuwia.<\/li>\n<li>47.71.Z Sprzeda\u017c detaliczna odzie\u017cy prowadzona w wyspecjalizowanych sklepach.<\/li>\n<li>e) pokrycia straty z lat ubieg\u0142ych.<\/li>\n<li>Zamkni\u0119cie Walnego Zgromadzenia.<\/li>\n<\/ol>\n<p>&nbsp;<\/p>\n<p>Prokurent<\/p>\n<p>Adam\u00a0 Kopa\u0144ski[\/vc_column_text][\/tab][tab icon_family=&#8221;none&#8221; title=&#8221;2022&#8243; id=&#8221;1690462811668-7&#8243; tab_id=&#8221;1690462811668-9&#8243;][vc_column_text]Zarz\u0105d Sp\u00f3\u0142ki \u201eLambda\u201d Sp\u00f3\u0142ka Akcyjna z siedzib\u0105 w \u0141odzi, zwo\u0142uje Zwyczajne Walne Zgromadzenie Akcjonariuszy na dzie\u0144 29.09.2022 r., o godzinie 11\u00b0\u00b0,w siedzibie Sp\u00f3\u0142ki przy<\/p>\n<ol>\n<li>Morgowej 9 w \u0141odzi.<\/li>\n<\/ol>\n<p>&nbsp;<\/p>\n<p>Porz\u0105dek obrad:<\/p>\n<ol>\n<li>Otwarcie Walnego Zgromadzenia.<\/li>\n<li>Wyb\u00f3r Przewodnicz\u0105cego Walnego Zgromadzenia.<\/li>\n<li>Stwierdzenie prawid\u0142owo\u015bci zwo\u0142ania Walnego Zgromadzenia oraz jego zdolno\u015bci do podejmowania uchwa\u0142.<\/li>\n<li>Wyb\u00f3r Komisji Skrutacyjnej.<\/li>\n<li>Rozpatrzenie sprawozda\u0144 Zarz\u0105du Sp\u00f3\u0142ki i Rady Nadzorczej.<\/li>\n<li>Podj\u0119cie uchwa\u0142 w sprawach:<\/li>\n<li>a) zatwierdzenia sprawozdania finansowego za rok 2021<\/li>\n<li>b) podzia\u0142u zysku za rok 2021<\/li>\n<\/ol>\n<p>c)udzielenia Zarz\u0105dowi i Radzie Nadzorczej pokwitowania z wykonania obowi\u0105zk\u00f3w<\/p>\n<ol start=\"7\">\n<li>Wyb\u00f3r Rady Nadzorczej.<\/li>\n<li>Zamkni\u0119cie Walnego Zgromadzenia.<\/li>\n<\/ol>\n<p>&nbsp;<\/p>\n<p>&nbsp;<\/p>\n<p>Prokurent<\/p>\n<p>Adam\u00a0 Kopa\u0144ski<\/p>\n[\/vc_column_text][\/tab][tab icon_family=&#8221;none&#8221; title=&#8221;2021&#8243; id=&#8221;1690462811700-8&#8243; tab_id=&#8221;1690462811701-6&#8243;][vc_column_text]Zarz\u0105d Sp\u00f3\u0142ki \u201eLambda\u201d Sp\u00f3\u0142ka Akcyjna z siedzib\u0105 w \u0141odzi, zwo\u0142uje Zwyczajne Walne Zgromadzenie Akcjonariuszy na dzie\u0144 22.09.2021 r., o godzinie 11\u00b0\u00b0,w siedzibie Sp\u00f3\u0142ki przy<\/p>\n<ol>\n<li>Morgowej 9 w \u0141odzi.<\/li>\n<\/ol>\n<p><strong>Porz\u0105dek obrad:<\/strong><\/p>\n<ol>\n<li>Otwarcie Walnego Zgromadzenia.<\/li>\n<li>Wyb\u00f3r Przewodnicz\u0105cego Walnego Zgromadzenia.<\/li>\n<li>Stwierdzenie prawid\u0142owo\u015bci zwo\u0142ania Walnego Zgromadzenia oraz jego zdolno\u015bci do podejmowania uchwa\u0142.<\/li>\n<li>Wyb\u00f3r Komisji Skrutacyjnej.<\/li>\n<li>Rozpatrzenie sprawozda\u0144 Zarz\u0105du Sp\u00f3\u0142ki i Rady Nadzorczej.<\/li>\n<li>Podj\u0119cie uchwa\u0142 w sprawach:\n<ol>\n<li>zatwierdzenia sprawozdania finansowego za rok 2020<\/li>\n<li>podzia\u0142u zysku za rok 2020<\/li>\n<li>udzielenia Zarz\u0105dowi i Radzie Nadzorczej absolutorium z wykonania obowi\u0105zk\u00f3w<\/li>\n<li>wyb\u00f3r podmiotu do prowadzenia Rejestru Akcjonariuszy.<\/li>\n<\/ol>\n<\/li>\n<\/ol>\n<ol start=\"7\">\n<li>Zamkni\u0119cie Walnego Zgromadzenia.<\/li>\n<\/ol>\n<p>Prokurent<br \/>\nAdam Kopa\u0144ski<\/p>\n<hr \/>\n<p>Poz. \u201dLambda\u201d Sp\u00f3\u0142ka Akcyjna w \u0141odzi. KRS 0000172922, S\u0105d Rejonowy dla \u0141odzi-\u015ar\u00f3dmie\u015bcia XX Wydzia\u0142 Krajowego Rejestru S\u0105dowego, wpis do rejestru:15 wrze\u015bnia 2003r.<\/p>\n<p>Zarz\u0105d Sp\u00f3\u0142ki \u201eLambda\u201d Sp\u00f3\u0142ka Akcyjna z siedzib\u0105 w \u0141odzi, zwo\u0142uje Nadzwyczajne Walne Zgromadzenie Akcjonariuszy na dzie\u0144 <strong>\u00a0<\/strong>14 stycznia\u00a0 2021r., o godzinie 11\u00b0\u00b0,w siedzibie Sp\u00f3\u0142ki przy<\/p>\n<ol>\n<li>Morgowej 9 w \u0141odzi.<\/li>\n<\/ol>\n<p><strong>Porz\u0105dek obrad:<\/strong><\/p>\n<ol>\n<li>Otwarcie Walnego Zgromadzenia.<\/li>\n<li>Wyb\u00f3r Przewodnicz\u0105cego Walnego Zgromadzenia.<\/li>\n<li>Stwierdzenie prawid\u0142owo\u015bci zwo\u0142ania Walnego Zgromadzenia oraz jego zdolno\u015bci do podejmowania uchwa\u0142.<\/li>\n<li>Wyb\u00f3r Komisji Skrutacyjnej.<\/li>\n<li>Podj\u0119cie uchwa\u0142 w sprawie zmian\u00a0 Statutu Sp\u00f3\u0142ki.<\/li>\n<li>Zamkni\u0119cie Walnego Zgromadzenia.<\/li>\n<\/ol>\n<p>Prezes Zarz\u0105du<br \/>\nFilip G\u00f3rski[\/vc_column_text][\/tab][tab icon_family=&#8221;none&#8221; title=&#8221;2020&#8243; id=&#8221;1690462811724-8&#8243; tab_id=&#8221;1690462811725-1&#8243;][vc_column_text]\u201eZarz\u0105d Sp\u00f3\u0142ki \u201eLambda\u201d Sp\u00f3\u0142ka Akcyjna z siedzib\u0105 w \u0141odzi, zwo\u0142uje Zwyczajne Walne Zgromadzenie Akcjonariuszy na dzie\u0144 03.09.2020 r., o godzinie 11\u00b0\u00b0,w siedzibie Sp\u00f3\u0142ki przy<\/p>\n<ol>\n<li>Morgowej 9 w \u0141odzi.<\/li>\n<\/ol>\n<p><strong>Porz\u0105dek obrad:<\/strong><\/p>\n<ol>\n<li>Otwarcie Walnego Zgromadzenia.<\/li>\n<li>Wyb\u00f3r Przewodnicz\u0105cego Walnego Zgromadzenia.<\/li>\n<li>Stwierdzenie prawid\u0142owo\u015bci zwo\u0142ania Walnego Zgromadzenia oraz jego zdolno\u015bci do podejmowania uchwa\u0142.<\/li>\n<li>Wyb\u00f3r Komisji Skrutacyjnej.<\/li>\n<li>Rozpatrzenie sprawozda\u0144 Zarz\u0105du Sp\u00f3\u0142ki i Rady Nadzorczej.<\/li>\n<li>Podj\u0119cie uchwa\u0142 w sprawach:\n<ol>\n<li>zatwierdzenia sprawozdania finansowego za rok 2019<\/li>\n<li>podzia\u0142u zysku za rok 2019<\/li>\n<li>udzielenia Zarz\u0105dowi i Radzie Nadzorczej pokwitowania z wykonania obowi\u0105zk\u00f3w<\/li>\n<li>wyboru podmiotu do prowadzenia Rejestru Akcjonariuszy.<\/li>\n<\/ol>\n<\/li>\n<li>Wyb\u00f3r Rady Nadzorczej.<\/li>\n<li>Zamkni\u0119cie Walnego Zgromadzenia.<\/li>\n<\/ol>\n<p>Prezes Zarz\u0105du<br \/>\nFilip G\u00f3rski[\/vc_column_text][\/tab][\/tabbed_section][\/vc_column][\/vc_row]","protected":false},"excerpt":{"rendered":"<p>[vc_row type=&#8221;in_container&#8221; full_screen_row_position=&#8221;middle&#8221; column_margin=&#8221;default&#8221; column_direction=&#8221;default&#8221; column_direction_tablet=&#8221;default&#8221; column_direction_phone=&#8221;default&#8221; scene_position=&#8221;center&#8221; top_padding=&#8221;80&#8243; bottom_padding=&#8221;80&#8243; text_color=&#8221;dark&#8221; text_align=&#8221;left&#8221; row_border_radius=&#8221;none&#8221; row_border_radius_applies=&#8221;bg&#8221; overlay_strength=&#8221;0.3&#8243; gradient_direction=&#8221;left_to_right&#8221; shape_divider_position=&#8221;bottom&#8221; bg_image_animation=&#8221;none&#8221; shape_type=&#8221;&#8221;][vc_column column_padding=&#8221;no-extra-padding&#8221; column_padding_tablet=&#8221;inherit&#8221; column_padding_phone=&#8221;inherit&#8221; column_padding_position=&#8221;all&#8221; column_element_spacing=&#8221;default&#8221; background_color_opacity=&#8221;1&#8243; background_hover_color_opacity=&#8221;1&#8243; column_shadow=&#8221;none&#8221; column_border_radius=&#8221;none&#8221; column_link_target=&#8221;_self&#8221; gradient_direction=&#8221;left_to_right&#8221;&#8230;<\/p>\n","protected":false},"author":1,"featured_media":0,"parent":0,"menu_order":0,"comment_status":"closed","ping_status":"closed","template":"","meta":[],"_links":{"self":[{"href":"http:\/\/lambda-sa.pl\/lambda\/index.php?rest_route=\/wp\/v2\/pages\/220"}],"collection":[{"href":"http:\/\/lambda-sa.pl\/lambda\/index.php?rest_route=\/wp\/v2\/pages"}],"about":[{"href":"http:\/\/lambda-sa.pl\/lambda\/index.php?rest_route=\/wp\/v2\/types\/page"}],"author":[{"embeddable":true,"href":"http:\/\/lambda-sa.pl\/lambda\/index.php?rest_route=\/wp\/v2\/users\/1"}],"replies":[{"embeddable":true,"href":"http:\/\/lambda-sa.pl\/lambda\/index.php?rest_route=%2Fwp%2Fv2%2Fcomments&post=220"}],"version-history":[{"count":6,"href":"http:\/\/lambda-sa.pl\/lambda\/index.php?rest_route=\/wp\/v2\/pages\/220\/revisions"}],"predecessor-version":[{"id":287,"href":"http:\/\/lambda-sa.pl\/lambda\/index.php?rest_route=\/wp\/v2\/pages\/220\/revisions\/287"}],"wp:attachment":[{"href":"http:\/\/lambda-sa.pl\/lambda\/index.php?rest_route=%2Fwp%2Fv2%2Fmedia&parent=220"}],"curies":[{"name":"wp","href":"https:\/\/api.w.org\/{rel}","templated":true}]}}