{"id":49,"date":"2016-07-04T09:15:38","date_gmt":"2016-07-04T07:15:38","guid":{"rendered":"http:\/\/lambda-sa.pl\/format\/?page_id=49"},"modified":"2016-11-10T10:08:28","modified_gmt":"2016-11-10T09:08:28","slug":"o-firmie","status":"publish","type":"page","link":"http:\/\/lambda-sa.pl\/lambda\/?page_id=49","title":{"rendered":"O firmie"},"content":{"rendered":"[vc_row type=&#8221;full_width_background&#8221; bg_image=&#8221;70&#8243; bg_position=&#8221;right top&#8221; bg_repeat=&#8221;no-repeat&#8221; scene_position=&#8221;center&#8221; text_color=&#8221;dark&#8221; text_align=&#8221;left&#8221; top_padding=&#8221;100&#8243; bottom_padding=&#8221;100&#8243; overlay_strength=&#8221;0.3&#8243;][vc_column column_padding=&#8221;no-extra-padding&#8221; column_padding_position=&#8221;all&#8221; background_color_opacity=&#8221;1&#8243; background_hover_color_opacity=&#8221;1&#8243; width=&#8221;2\/3&#8243;][vc_column_text]<strong>Sp\u00f3\u0142ka Lambda SA<\/strong> jako przedsi\u0119biorstwo zajmuj\u0105ce si\u0119 pracami <strong>termoizolacyjnymi, pracami antykorozyjnymi, pracami zbrojarskimi, pracami ciesielskimi, pracami monta\u017cowymi z p\u0142yt gipsowo-kartonowych, pracami budowlanymi \u2013 betonowaniem<\/strong> rozpocz\u0119\u0142a swoj\u0105 dzia\u0142alno\u015b\u0107 w 1949 roku, wtedy jako przedsi\u0119biorstwo pa\u0144stwowe podleg\u0142e <strong>Dyrekcji Pa\u0144stwowego Przemys\u0142u Miejscowego Wojew\u00f3dztwa \u0141\u00f3dzkiego<\/strong> funkcjonuj\u0105c pod nazw\u0105 :<\/p>\n<p>\u201dNowoczesna Izolacja Ciep\u0142ownicza\u201d z siedzib\u0105 w \u0141odzi przy ul. \u015awierczewskiego 70.<\/p>\n<p>Po kilku przekszta\u0142ceniach w\u0142asno\u015bciowych i zmianach nazwy oraz siedziby (w 1967 roku na \u0141\u00f3d\u017a, ul. Morgowa 9) w obecnej formie i nazwie dzia\u0142a jako LAMBDA Sp\u00f3\u0142ka Akcyjna od 18.02.1993 r.<\/p>\n<p>LAMBDA od pocz\u0105tku lat 90. tworzy r\u00f3wnie\u017c grup\u0119 z FORMAT Urz\u0105dzenia i Monta\u017ce Przemys\u0142owe Sp. z o.o. i FORMAT Baustahl- und Konstruktionsverarbeitubgs GmbH.<\/p>\n<p>Nale\u017cy nadmieni\u0107, \u017ce mimo zmian odnosz\u0105cych si\u0119 do przedmiotu dzia\u0142ania, na skutek ci\u0105g\u0142ego zapotrzebowania na w\/w roboty firma kontynuowa\u0142a w spos\u00f3b ci\u0105g\u0142y wykonawstwo us\u0142ug w zakresie, na kt\u00f3ry by\u0142o zapotrzebowanie w\u015br\u00f3d zleceniodawc\u00f3w.<\/p>\n<p>W\u015br\u00f3d odbiorc\u00f3w naszych us\u0142ug znalaz\u0142y si\u0119 <strong>zak\u0142ady chemiczne, azotowe, ciep\u0142ownie, elektrownie (w tym elektrownie j\u0105drowe), zak\u0142ady farmaceutyczne, zak\u0142ady t\u0142uszczowe, rafinerie zar\u00f3wno w kraju jak i za granic\u0105<\/strong> (Irak, Maroko, Niemcy, Holandia, Finlandia, Szwajcaria, Austria, Francja, Szwecja, Wielka Brytania, Irlandia, Ukraina). Nasi pracownicy brali i bior\u0105 udzia\u0142 w budowach tuneli, wiadukt\u00f3w, most\u00f3w, stadion\u00f3w, kolei podziemnych oraz budynk\u00f3w u\u017cyteczno\u015bci publicznej.<\/p>\n<p><strong>W celu zapewnienia odpowiedniej jako\u015bci wykonywanych us\u0142ug i realizacji wyrob\u00f3w Prezes Sp\u00f3\u0142ki Lambda S.A. podj\u0105\u0142 decyzj\u0119 o opracowaniu, wdro\u017ceniu i utrzymywaniu:<\/strong><\/p>\n<ul>\n<li>Systemu Zarz\u0105dzania Jako\u015bci\u0105 opartego na normie ISO 9001<\/li>\n<li>Systemu Zarz\u0105dzania \u015arodowiskowym opartym na normie ISO 14001<\/li>\n<li>Systemu Zarz\u0105dzania Bezpiecze\u0144stwem i Higien\u0105 Pracy opartego na normie ISO 18001<\/li>\n<\/ul>\n<p>Wdro\u017cony Systemy ISO s\u0105 realizowane przez wszystkich pracownik\u00f3w firmy.<\/p>\n<p>Lambda w \u0141odzi r\u00f3wnie\u017c posiada zbrojarnie, kt\u00f3ra zosta\u0142a obj\u0119ta certyfikatem NordCert.[\/vc_column_text][\/vc_column][vc_column column_padding=&#8221;no-extra-padding&#8221; column_padding_position=&#8221;all&#8221; background_color_opacity=&#8221;1&#8243; background_hover_color_opacity=&#8221;1&#8243; width=&#8221;1\/3&#8243;][image_with_animation image_url=&#8221;73&#8243; alignment=&#8221;right&#8221; animation=&#8221;Fade In&#8221; img_link_large=&#8221;yes&#8221;][\/vc_column][\/vc_row]","protected":false},"excerpt":{"rendered":"<p>[vc_row type=&#8221;full_width_background&#8221; bg_image=&#8221;70&#8243; bg_position=&#8221;right top&#8221; bg_repeat=&#8221;no-repeat&#8221; scene_position=&#8221;center&#8221; text_color=&#8221;dark&#8221; text_align=&#8221;left&#8221; top_padding=&#8221;100&#8243; bottom_padding=&#8221;100&#8243; overlay_strength=&#8221;0.3&#8243;][vc_column column_padding=&#8221;no-extra-padding&#8221; column_padding_position=&#8221;all&#8221; background_color_opacity=&#8221;1&#8243; background_hover_color_opacity=&#8221;1&#8243; width=&#8221;2\/3&#8243;][vc_column_text]Sp\u00f3\u0142ka Lambda SA jako przedsi\u0119biorstwo zajmuj\u0105ce si\u0119 pracami termoizolacyjnymi, pracami antykorozyjnymi, pracami zbrojarskimi, pracami&#8230;<\/p>\n","protected":false},"author":1,"featured_media":0,"parent":0,"menu_order":0,"comment_status":"closed","ping_status":"closed","template":"","meta":[],"_links":{"self":[{"href":"http:\/\/lambda-sa.pl\/lambda\/index.php?rest_route=\/wp\/v2\/pages\/49"}],"collection":[{"href":"http:\/\/lambda-sa.pl\/lambda\/index.php?rest_route=\/wp\/v2\/pages"}],"about":[{"href":"http:\/\/lambda-sa.pl\/lambda\/index.php?rest_route=\/wp\/v2\/types\/page"}],"author":[{"embeddable":true,"href":"http:\/\/lambda-sa.pl\/lambda\/index.php?rest_route=\/wp\/v2\/users\/1"}],"replies":[{"embeddable":true,"href":"http:\/\/lambda-sa.pl\/lambda\/index.php?rest_route=%2Fwp%2Fv2%2Fcomments&post=49"}],"version-history":[{"count":11,"href":"http:\/\/lambda-sa.pl\/lambda\/index.php?rest_route=\/wp\/v2\/pages\/49\/revisions"}],"predecessor-version":[{"id":167,"href":"http:\/\/lambda-sa.pl\/lambda\/index.php?rest_route=\/wp\/v2\/pages\/49\/revisions\/167"}],"wp:attachment":[{"href":"http:\/\/lambda-sa.pl\/lambda\/index.php?rest_route=%2Fwp%2Fv2%2Fmedia&parent=49"}],"curies":[{"name":"wp","href":"https:\/\/api.w.org\/{rel}","templated":true}]}}