{"id":78,"date":"2016-07-04T11:28:15","date_gmt":"2016-07-04T09:28:15","guid":{"rendered":"http:\/\/lambda-sa.pl\/format\/?page_id=78"},"modified":"2016-11-10T10:09:17","modified_gmt":"2016-11-10T09:09:17","slug":"prace-szalunkowe-i-betoniarskie","status":"publish","type":"page","link":"http:\/\/lambda-sa.pl\/lambda\/?page_id=78","title":{"rendered":"Prace szalunkowe i betoniarskie"},"content":{"rendered":"[vc_row type=&#8221;full_width_background&#8221; full_screen_row_position=&#8221;middle&#8221; bg_image=&#8221;70&#8243; bg_position=&#8221;left top&#8221; bg_repeat=&#8221;no-repeat&#8221; scene_position=&#8221;center&#8221; text_color=&#8221;dark&#8221; text_align=&#8221;left&#8221; top_padding=&#8221;100&#8243; bottom_padding=&#8221;100&#8243; overlay_strength=&#8221;0.3&#8243;][vc_column column_padding=&#8221;no-extra-padding&#8221; column_padding_position=&#8221;all&#8221; background_color_opacity=&#8221;1&#8243; background_hover_color_opacity=&#8221;1&#8243; width=&#8221;1\/2&#8243; tablet_text_alignment=&#8221;default&#8221; phone_text_alignment=&#8221;default&#8221;][vc_column_text]Prace betonowe wykonywane na placu budowy tzw. procesy \u201emokre\u201d, wymagaj\u0105 zastosowania odpowiednich metod (system\u00f3w) rob\u00f3t szalunkowych i jak r\u00f3wnie\u017c zaplecza zbrojarskiego \u2013 bezpo\u015brednio na terenie budowy. Realizujemy i rozwijamy technologie pozwalaj\u0105ce coraz bardziej skraca\u0107 cykle produkcyjne. Przy prowadzeniu rob\u00f3t budowlanych stosujemy rozwi\u0105zania szalunkowe:<\/p>\n<ul>\n<li><strong>Tracone \u2013 <\/strong>z r\u00f3\u017cnego materia\u0142u:\n<ul>\n<li>drewniane<\/li>\n<li>ze sklejki<\/li>\n<li>metalu<\/li>\n<\/ul>\n<\/li>\n<\/ul>\n<p>S\u0142u\u017c\u0105 one do element\u00f3w w miejscach ci\u0119\u017cko dost\u0119pnych lub w ziemi w celu zakopania ich. Stosuje si\u0119 je na og\u00f3\u0142 przy pracach fundamentowych i \/ lub przy fundamentach wiatrakowych.<\/p>\n<ul>\n<li><strong>Jednorazowe \u2013 <\/strong>szalunki te s\u0142u\u017c\u0105 do ukszta\u0142towania niepowtarzalnych element\u00f3w konstrukcji. Stosuje si\u0119 je na og\u00f3\u0142 przy wznoszeniu obiekt\u00f3w skomplikowanych np. most\u00f3w, fundament\u00f3w, zap\u00f3r, sklepie\u0144 jedno i wielokrzywiznowych, przy wznoszeniu nietypowych konstrukcji betonowych lub typowych, realizowanych jednorazowo<\/li>\n<\/ul>\n<ul>\n<li><strong>Wielokrotnego u\u017cycia \u2013 <\/strong>s\u0142u\u017c\u0105ce do kszta\u0142towania element\u00f3w powtarzalnych, stanowi uk\u0142ad tarcz powi\u0105zanych specjalnymi \u0142\u0105cznikami, tworz\u0105cymi ca\u0142e p\u0142aszczyzny odpowiednio usztywnione. Pracujemy zar\u00f3wno na szalunkach systemowych jak i drewnianych.<strong>\u00a0<\/strong><\/li>\n<\/ul>\n<p>Przy wykonywaniu prac budowlanych stosujemy deskowania:<\/p>\n<ul>\n<li><strong>przestawne<\/strong> (inwentaryzowane) \u2013 nadaj\u0105ce si\u0119 przy budowie budynk\u00f3w o konstrukcji szkieletowej, ramowej, p\u0142ytowej oraz przy stropach \u017cebrowych i grzybkowych<\/li>\n<li><strong>przesuwne<\/strong> \u2013 u\u017cywane przy tunelach, kana\u0142ach, odkrytych sk\u0142ad\u00f3w w kszta\u0142cie row\u00f3w, sklepieniach cienko\u015bciennych<\/li>\n<li><strong>\u015blizgowe <\/strong>\u2013 u\u017cywane przy fundamentach skrzyniowych, zbiornikach, silosach, kominach, \u015bcianach wielokondygnacyjnych budynk\u00f3w, sztolniach<\/li>\n<\/ul>\n<p>Dla u\u0142atwienia pracy i w ramach gwarantowania dotrzymania planningu budowy, proponujemy Pa\u0144stwu r\u00f3wnie\u017c us\u0142ugi <strong>operatora d\u017awigu<\/strong> na okres naszej realizacji kontraktu.<\/p>\n<p>Po wykonaniu szalunku i zbrojenia kolejnym etapem w ramach prac budowlanych jest betonowanie, kt\u00f3re obejmuje:<\/p>\n<ul>\n<li>uk\u0142adanie mieszanki betonowej (pojemnik, pompa, ta\u015bmoci\u0105g)<\/li>\n<li>zag\u0119szczanie (wibratory)<\/li>\n<li>dojrzewanie i piel\u0119gnacja betonu (nawil\u017canie, os\u0142anianie, kosmetyka)<\/li>\n<\/ul>\n<p>Warto wspomnie\u0107, i\u017c nasza firma r\u00f3wnie\u017c montuje elementy prefabrykowane z betonu, g\u0142ownie z zakresu prefabrykowanych strop\u00f3w i \u015bcian do budynk\u00f3w mieszkalnych i budynk\u00f3w u\u017cytku publicznego, jak i monta\u017c schod\u00f3w i balkon\u00f3w.<\/p>\n<p>Od wykonania poszczeg\u00f3lnych czynno\u015bci zale\u017cy jako\u015b\u0107 i wytrzyma\u0142o\u015b\u0107 betonu. Dlatego s\u0105 nasze procesy wykonania prac monitorowane poprzez plany jako\u015bci norm ISO 9001. Wszystkie prace s\u0105 nadzorowane poprzez naszych kierownik\u00f3w, kt\u00f3rzy od wielu lat i poprzez do\u015bwiadczenie z wielu projekt\u00f3w wsp\u00f3\u0142pracuj\u0105 z nasz\u0105 firm\u0105.[\/vc_column_text][\/vc_column][vc_column column_padding=&#8221;no-extra-padding&#8221; column_padding_position=&#8221;all&#8221; background_color_opacity=&#8221;1&#8243; background_hover_color_opacity=&#8221;1&#8243; width=&#8221;1\/2&#8243; tablet_text_alignment=&#8221;default&#8221; phone_text_alignment=&#8221;default&#8221;][image_with_animation image_url=&#8221;157&#8243; alignment=&#8221;&#8221; animation=&#8221;Fade In&#8221; box_shadow=&#8221;none&#8221; max_width=&#8221;100%&#8221;][\/vc_column][\/vc_row]","protected":false},"excerpt":{"rendered":"<p>[vc_row type=&#8221;full_width_background&#8221; full_screen_row_position=&#8221;middle&#8221; bg_image=&#8221;70&#8243; bg_position=&#8221;left top&#8221; bg_repeat=&#8221;no-repeat&#8221; scene_position=&#8221;center&#8221; text_color=&#8221;dark&#8221; text_align=&#8221;left&#8221; top_padding=&#8221;100&#8243; bottom_padding=&#8221;100&#8243; overlay_strength=&#8221;0.3&#8243;][vc_column column_padding=&#8221;no-extra-padding&#8221; column_padding_position=&#8221;all&#8221; background_color_opacity=&#8221;1&#8243; background_hover_color_opacity=&#8221;1&#8243; width=&#8221;1\/2&#8243; tablet_text_alignment=&#8221;default&#8221; phone_text_alignment=&#8221;default&#8221;][vc_column_text]Prace betonowe wykonywane na placu budowy tzw. procesy \u201emokre\u201d, wymagaj\u0105 zastosowania&#8230;<\/p>\n","protected":false},"author":1,"featured_media":0,"parent":0,"menu_order":0,"comment_status":"closed","ping_status":"closed","template":"","meta":[],"_links":{"self":[{"href":"http:\/\/lambda-sa.pl\/lambda\/index.php?rest_route=\/wp\/v2\/pages\/78"}],"collection":[{"href":"http:\/\/lambda-sa.pl\/lambda\/index.php?rest_route=\/wp\/v2\/pages"}],"about":[{"href":"http:\/\/lambda-sa.pl\/lambda\/index.php?rest_route=\/wp\/v2\/types\/page"}],"author":[{"embeddable":true,"href":"http:\/\/lambda-sa.pl\/lambda\/index.php?rest_route=\/wp\/v2\/users\/1"}],"replies":[{"embeddable":true,"href":"http:\/\/lambda-sa.pl\/lambda\/index.php?rest_route=%2Fwp%2Fv2%2Fcomments&post=78"}],"version-history":[{"count":4,"href":"http:\/\/lambda-sa.pl\/lambda\/index.php?rest_route=\/wp\/v2\/pages\/78\/revisions"}],"predecessor-version":[{"id":173,"href":"http:\/\/lambda-sa.pl\/lambda\/index.php?rest_route=\/wp\/v2\/pages\/78\/revisions\/173"}],"wp:attachment":[{"href":"http:\/\/lambda-sa.pl\/lambda\/index.php?rest_route=%2Fwp%2Fv2%2Fmedia&parent=78"}],"curies":[{"name":"wp","href":"https:\/\/api.w.org\/{rel}","templated":true}]}}