{"id":80,"date":"2016-07-04T11:28:40","date_gmt":"2016-07-04T09:28:40","guid":{"rendered":"http:\/\/lambda-sa.pl\/format\/?page_id=80"},"modified":"2016-11-10T10:07:04","modified_gmt":"2016-11-10T09:07:04","slug":"montaz-scian-i-podwieszanych-sufitow-z-plyt-gipsowo-kartonowych","status":"publish","type":"page","link":"http:\/\/lambda-sa.pl\/lambda\/?page_id=80","title":{"rendered":"Monta\u017c \u015bcian i podwieszanych sufit\u00f3w z p\u0142yt gipsowo &#8211; kartonowych"},"content":{"rendered":"[vc_row type=&#8221;full_width_background&#8221; bg_image=&#8221;70&#8243; bg_position=&#8221;left top&#8221; bg_repeat=&#8221;no-repeat&#8221; scene_position=&#8221;center&#8221; text_color=&#8221;dark&#8221; text_align=&#8221;left&#8221; top_padding=&#8221;100&#8243; bottom_padding=&#8221;100&#8243; overlay_strength=&#8221;0.3&#8243;][vc_column column_padding=&#8221;no-extra-padding&#8221; column_padding_position=&#8221;all&#8221; background_color_opacity=&#8221;1&#8243; background_hover_color_opacity=&#8221;1&#8243; width=&#8221;1\/2&#8243;][vc_column_text]Nasza firma ma r\u00f3wnie\u017c oddzia\u0142 prowadz\u0105cy <strong>us\u0142ugi w zakresie prac monta\u017cowych z p\u0142yt gipsowo-kartonowych<\/strong>. Prace te obejmuj\u0105 monta\u017c \u015bcian w zakresie system\u00f3w suchej zabudowy wn\u0119trz (r\u00f3wnie\u017c renowacje rozwi\u0105zaniami systemowymi, mi\u0119dzy innymi: Norgips, Knauf, Rigips Saint Gobain itp.).<\/p>\n<p><strong>Prace monta\u017cowe z p\u0142yt gipsowo &#8211; kartonowych przeprowadza si\u0119 na obiektach\u00a0budowlanych og\u00f3lnego przeznaczenia:<\/strong><\/p>\n<ul>\n<li>budynkach przemys\u0142owych( hale, magazyny itp.)<\/li>\n<li>budynkach u\u017cyteczno\u015bci publicznej (aule, amfiteatry, teatry, opery, urz\u0119dy)<\/li>\n<li>budynki mieszkalne<\/li>\n<li>inne, pod potrzeby zleceniodawc\u00f3w<\/li>\n<\/ul>\n<p><strong>W trakcie wieloletniej realizacji naszych projekt\u00f3w w Europie zdobyli\u015bmy du\u017co do\u015bwiadczenia w zakresie realizacji tych rob\u00f3t<\/strong>, jak i nauczyli\u015bmy si\u0119 wspiera\u0107 projekty dodatkowymi us\u0142ugami:<\/p>\n<ul>\n<li>monta\u017c mebli (g\u0142\u00f3wnie kuchennych)<\/li>\n<li>monta\u017c fasad budynk\u00f3w<\/li>\n<li>monta\u017c drzwi (wewn\u0119trznych i zewn\u0119trznych)<\/li>\n<li>Monta\u017c okien i okien balkonowych<\/li>\n<\/ul>\n[\/vc_column_text][\/vc_column][vc_column column_padding=&#8221;no-extra-padding&#8221; column_padding_position=&#8221;all&#8221; background_color_opacity=&#8221;1&#8243; background_hover_color_opacity=&#8221;1&#8243; width=&#8221;1\/2&#8243;][image_with_animation image_url=&#8221;109&#8243; alignment=&#8221;&#8221; animation=&#8221;Fade In&#8221;][\/vc_column][\/vc_row]","protected":false},"excerpt":{"rendered":"<p>[vc_row type=&#8221;full_width_background&#8221; bg_image=&#8221;70&#8243; bg_position=&#8221;left top&#8221; bg_repeat=&#8221;no-repeat&#8221; scene_position=&#8221;center&#8221; text_color=&#8221;dark&#8221; text_align=&#8221;left&#8221; top_padding=&#8221;100&#8243; bottom_padding=&#8221;100&#8243; overlay_strength=&#8221;0.3&#8243;][vc_column column_padding=&#8221;no-extra-padding&#8221; column_padding_position=&#8221;all&#8221; background_color_opacity=&#8221;1&#8243; background_hover_color_opacity=&#8221;1&#8243; width=&#8221;1\/2&#8243;][vc_column_text]Nasza firma ma r\u00f3wnie\u017c oddzia\u0142 prowadz\u0105cy us\u0142ugi w zakresie prac monta\u017cowych z p\u0142yt gipsowo-kartonowych&#8230;.<\/p>\n","protected":false},"author":1,"featured_media":0,"parent":0,"menu_order":0,"comment_status":"closed","ping_status":"closed","template":"","meta":[],"_links":{"self":[{"href":"http:\/\/lambda-sa.pl\/lambda\/index.php?rest_route=\/wp\/v2\/pages\/80"}],"collection":[{"href":"http:\/\/lambda-sa.pl\/lambda\/index.php?rest_route=\/wp\/v2\/pages"}],"about":[{"href":"http:\/\/lambda-sa.pl\/lambda\/index.php?rest_route=\/wp\/v2\/types\/page"}],"author":[{"embeddable":true,"href":"http:\/\/lambda-sa.pl\/lambda\/index.php?rest_route=\/wp\/v2\/users\/1"}],"replies":[{"embeddable":true,"href":"http:\/\/lambda-sa.pl\/lambda\/index.php?rest_route=%2Fwp%2Fv2%2Fcomments&post=80"}],"version-history":[{"count":3,"href":"http:\/\/lambda-sa.pl\/lambda\/index.php?rest_route=\/wp\/v2\/pages\/80\/revisions"}],"predecessor-version":[{"id":171,"href":"http:\/\/lambda-sa.pl\/lambda\/index.php?rest_route=\/wp\/v2\/pages\/80\/revisions\/171"}],"wp:attachment":[{"href":"http:\/\/lambda-sa.pl\/lambda\/index.php?rest_route=%2Fwp%2Fv2%2Fmedia&parent=80"}],"curies":[{"name":"wp","href":"https:\/\/api.w.org\/{rel}","templated":true}]}}