{"id":84,"date":"2016-07-04T11:29:11","date_gmt":"2016-07-04T09:29:11","guid":{"rendered":"http:\/\/lambda-sa.pl\/format\/?page_id=84"},"modified":"2016-11-10T10:06:25","modified_gmt":"2016-11-10T09:06:25","slug":"izolacja-przemyslowa","status":"publish","type":"page","link":"http:\/\/lambda-sa.pl\/lambda\/?page_id=84","title":{"rendered":"Izolacja przemys\u0142owa"},"content":{"rendered":"[vc_row type=&#8221;full_width_background&#8221; full_screen_row_position=&#8221;middle&#8221; bg_image=&#8221;70&#8243; bg_position=&#8221;left top&#8221; bg_repeat=&#8221;no-repeat&#8221; scene_position=&#8221;center&#8221; text_color=&#8221;dark&#8221; text_align=&#8221;left&#8221; top_padding=&#8221;100&#8243; bottom_padding=&#8221;100&#8243; overlay_strength=&#8221;0.3&#8243;][vc_column column_padding=&#8221;no-extra-padding&#8221; column_padding_position=&#8221;all&#8221; background_color_opacity=&#8221;1&#8243; background_hover_color_opacity=&#8221;1&#8243; width=&#8221;1\/2&#8243; tablet_text_alignment=&#8221;default&#8221; phone_text_alignment=&#8221;default&#8221;][vc_column_text]<strong>W naszym profilu dzia\u0142alno\u015bci mamy r\u00f3wnie\u017c wykonawstwo izolacjiwszelkiego typu urz\u0105dze\u0144 przemys\u0142owych jak:<\/strong><\/p>\n<ul>\n<li>kot\u0142y energetyczne<\/li>\n<li>elektrofiltry<\/li>\n<li>turbiny<\/li>\n<li>kana\u0142y spalin<\/li>\n<li>zbiorniki<\/li>\n<li>ruroci\u0105gi<\/li>\n<li>aparaty i urz\u0105dzenia<\/li>\n<\/ul>\n<p><strong>Us\u0142uga wykonywana jest w spos\u00f3b kompleksowy tj:<\/strong><\/p>\n<ul>\n<li>demonta\u017c istniej\u0105cej izolacji(je\u017celi zachodzi taka konieczno\u015b\u0107)<\/li>\n<li>wykonanie nowej izolacji w\u0142a\u015bciwej<\/li>\n<li>wykonanie p\u0142aszcza ochronnego zabezpieczaj\u0105cego now\u0105 izolacj\u0119 przedwp\u0142ywami warunk\u00f3w atmosferycznych<\/li>\n<\/ul>\n<p><strong>Podzia\u0142 izolacji ze wzgl\u0119du na zakres stosowania:<\/strong><\/p>\n<ul>\n<li>izolacja ciep\u0142ochronna<\/li>\n<li>izolacja zimnochronna<\/li>\n<li>izolacja akustyczna<\/li>\n<\/ul>\n<p><strong>Podzia\u0142 izolacji ze wzgl\u0119du na rodzaj materia\u0142u izolacyjnego:<\/strong><\/p>\n<ul>\n<li>izolacja materia\u0142ami w\u0142\u00f3knistymi<\/li>\n<li>izolacja materia\u0142ami porowatymi<\/li>\n<\/ul>\n<p><strong>Podzia\u0142 izolacji ze wzgl\u0119du na krotno\u015b\u0107 warstw:<\/strong><\/p>\n<ul>\n<li>izolacja jednowarstwowa<\/li>\n<li>izolacja wielowarstwowa<\/li>\n<\/ul>\n<p><strong>Podzia\u0142 izolacji ze wzgl\u0119du na zastosowanie konstrukcji wsporczej p\u0142aszcza ochronnego:<\/strong><\/p>\n<ul>\n<li>izolacja bez konstrukcji wsporczej<\/li>\n<li>izolacja z konstrukcj\u0105 wsporcz\u0105<\/li>\n<\/ul>\n<p><strong>Podzia\u0142 izolacji ze wzgl\u0119du na typ p\u0142aszcza ochronnego:<\/strong><\/p>\n<ul>\n<li>izolacja bez p\u0142aszcza ochronnego<\/li>\n<li>izolacja z p\u0142aszczem \u201emi\u0119kkim\u201d (folia aluminiowa, papa)<\/li>\n<li>izolacja z p\u0142aszczem \u201emokrym\u201d(cementowa, cementowo-mikrosferowa , itp.)<\/li>\n<li>izolacja z p\u0142aszczem sztywnym (p\u0142aszcz z blachy ocynkowanej, aluocynkowanej, aluminiowej, powlekanej, kwasoodpornej, nierdzewnej)<\/li>\n<\/ul>\n[\/vc_column_text][\/vc_column][vc_column column_padding=&#8221;no-extra-padding&#8221; column_padding_position=&#8221;all&#8221; background_color_opacity=&#8221;1&#8243; background_hover_color_opacity=&#8221;1&#8243; width=&#8221;1\/2&#8243; tablet_text_alignment=&#8221;default&#8221; phone_text_alignment=&#8221;default&#8221;][image_with_animation image_url=&#8221;159&#8243; alignment=&#8221;&#8221; animation=&#8221;Fade In&#8221; box_shadow=&#8221;none&#8221; max_width=&#8221;100%&#8221;][\/vc_column][\/vc_row]","protected":false},"excerpt":{"rendered":"<p>[vc_row type=&#8221;full_width_background&#8221; full_screen_row_position=&#8221;middle&#8221; bg_image=&#8221;70&#8243; bg_position=&#8221;left top&#8221; bg_repeat=&#8221;no-repeat&#8221; scene_position=&#8221;center&#8221; text_color=&#8221;dark&#8221; text_align=&#8221;left&#8221; top_padding=&#8221;100&#8243; bottom_padding=&#8221;100&#8243; overlay_strength=&#8221;0.3&#8243;][vc_column column_padding=&#8221;no-extra-padding&#8221; column_padding_position=&#8221;all&#8221; background_color_opacity=&#8221;1&#8243; background_hover_color_opacity=&#8221;1&#8243; width=&#8221;1\/2&#8243; tablet_text_alignment=&#8221;default&#8221; phone_text_alignment=&#8221;default&#8221;][vc_column_text]W naszym profilu dzia\u0142alno\u015bci mamy r\u00f3wnie\u017c wykonawstwo izolacjiwszelkiego typu urz\u0105dze\u0144 przemys\u0142owych&#8230;<\/p>\n","protected":false},"author":1,"featured_media":0,"parent":0,"menu_order":0,"comment_status":"closed","ping_status":"closed","template":"","meta":[],"_links":{"self":[{"href":"http:\/\/lambda-sa.pl\/lambda\/index.php?rest_route=\/wp\/v2\/pages\/84"}],"collection":[{"href":"http:\/\/lambda-sa.pl\/lambda\/index.php?rest_route=\/wp\/v2\/pages"}],"about":[{"href":"http:\/\/lambda-sa.pl\/lambda\/index.php?rest_route=\/wp\/v2\/types\/page"}],"author":[{"embeddable":true,"href":"http:\/\/lambda-sa.pl\/lambda\/index.php?rest_route=\/wp\/v2\/users\/1"}],"replies":[{"embeddable":true,"href":"http:\/\/lambda-sa.pl\/lambda\/index.php?rest_route=%2Fwp%2Fv2%2Fcomments&post=84"}],"version-history":[{"count":5,"href":"http:\/\/lambda-sa.pl\/lambda\/index.php?rest_route=\/wp\/v2\/pages\/84\/revisions"}],"predecessor-version":[{"id":170,"href":"http:\/\/lambda-sa.pl\/lambda\/index.php?rest_route=\/wp\/v2\/pages\/84\/revisions\/170"}],"wp:attachment":[{"href":"http:\/\/lambda-sa.pl\/lambda\/index.php?rest_route=%2Fwp%2Fv2%2Fmedia&parent=84"}],"curies":[{"name":"wp","href":"https:\/\/api.w.org\/{rel}","templated":true}]}}