{"id":89,"date":"2016-07-04T11:29:45","date_gmt":"2016-07-04T09:29:45","guid":{"rendered":"http:\/\/lambda-sa.pl\/format\/?page_id=89"},"modified":"2016-11-10T10:05:46","modified_gmt":"2016-11-10T09:05:46","slug":"dostawa-stali-zbrojeniowej","status":"publish","type":"page","link":"http:\/\/lambda-sa.pl\/lambda\/?page_id=89","title":{"rendered":"Dostawa stali zbrojeniowej"},"content":{"rendered":"[vc_row type=&#8221;full_width_background&#8221; bg_image=&#8221;70&#8243; bg_position=&#8221;left top&#8221; bg_repeat=&#8221;no-repeat&#8221; scene_position=&#8221;center&#8221; text_color=&#8221;dark&#8221; text_align=&#8221;left&#8221; top_padding=&#8221;100&#8243; bottom_padding=&#8221;100&#8243; overlay_strength=&#8221;0.3&#8243;][vc_column column_padding=&#8221;no-extra-padding&#8221; column_padding_position=&#8221;all&#8221; background_color_opacity=&#8221;1&#8243; background_hover_color_opacity=&#8221;1&#8243; width=&#8221;1\/2&#8243;][vc_column_text]W ramach gwarantowania naszym klientom wi\u0119kszej po\u0142ynno\u015bci w wykonaniu prac zbrojarskich od 2008 roku proponujemy naszym klientom nasze us\u0142ugi r\u00f3wnie\u017c z dostaw\u0105 stali na budow\u0119. Posiadamy certyfikat NORDCERT i od 2016 roku dostarczamy ci\u0119t\u0105 i gi\u0119t\u0105 stal zbrojeniow\u0105 na projekty w Szwecji.<\/p>\n<p>W celu zapewnienia jako\u015bci wyrob\u00f3w, proces\u00f3w i os\u00f3b zwi\u0105zanych z procesem zgodnie z zam\u00f3wieniami w celu zarzadzania jako\u015bci\u0105 w stosunku do standard\u00f3w i rodzajami stali pracujemy zgodnie z naszym, wewn\u0119trznym planem jako\u015bci. Plan ten r\u00f3wnie\u017c zapewnia zachowanie ochrony \u015brodowiska.<\/p>\n<h3><strong>Nasza zbrojarnia pracuje wy\u0142\u0105cznie wed\u0142ug norm i przepis\u00f3w<\/strong><\/h3>\n<p><strong>Przeznaczenia i zakres stosowania wyrob\u00f3w budowlanych:<\/strong><\/p>\n<ul>\n<li>PN-B-03264:2004 <em>Konstrukcje betonowe, \u017celbetowe i spr\u0119\u017cone. Obliczenia statyczne i\u00a0<\/em><em>projektowanie.<\/em><\/li>\n<\/ul>\n<ul>\n<li>PN-91\/S-10042 <em>Obiekty mostowe. Konstrukcje betonowe, \u017celbetowe i spr\u0119\u017cone.<\/em><\/li>\n<\/ul>\n<p><strong>Dodatkowe wymagania stosowane w kraju:<\/strong><\/p>\n<ul>\n<li>PN EN ISO 4066 <em>Rysunek konstrukcyjny budowlany &#8211; Wykazy pr\u0119t\u00f3w do zbrojenia betonu<\/em><\/li>\n<li>GlobeCert AB &#8211; <em>U\u017cytkowanie wy\u0142\u0105cznie stali na rynek szwedzki z hut, kt\u00f3re s\u0105\u00a0<\/em><em>certyfikowane w Szwecji i akceptowane poprzez klienta i projektant\u00f3w <\/em><em> danej budowy<\/em><\/li>\n<\/ul>\n[\/vc_column_text][\/vc_column][vc_column column_padding=&#8221;no-extra-padding&#8221; column_padding_position=&#8221;all&#8221; background_color_opacity=&#8221;1&#8243; background_hover_color_opacity=&#8221;1&#8243; width=&#8221;1\/2&#8243;][image_with_animation image_url=&#8221;122&#8243; alignment=&#8221;&#8221; animation=&#8221;Fade In&#8221;][\/vc_column][\/vc_row]","protected":false},"excerpt":{"rendered":"<p>[vc_row type=&#8221;full_width_background&#8221; bg_image=&#8221;70&#8243; bg_position=&#8221;left top&#8221; bg_repeat=&#8221;no-repeat&#8221; scene_position=&#8221;center&#8221; text_color=&#8221;dark&#8221; text_align=&#8221;left&#8221; top_padding=&#8221;100&#8243; bottom_padding=&#8221;100&#8243; overlay_strength=&#8221;0.3&#8243;][vc_column column_padding=&#8221;no-extra-padding&#8221; column_padding_position=&#8221;all&#8221; background_color_opacity=&#8221;1&#8243; background_hover_color_opacity=&#8221;1&#8243; width=&#8221;1\/2&#8243;][vc_column_text]W ramach gwarantowania naszym klientom wi\u0119kszej po\u0142ynno\u015bci w wykonaniu prac zbrojarskich od 2008 roku&#8230;<\/p>\n","protected":false},"author":1,"featured_media":0,"parent":0,"menu_order":0,"comment_status":"closed","ping_status":"closed","template":"","meta":[],"_links":{"self":[{"href":"http:\/\/lambda-sa.pl\/lambda\/index.php?rest_route=\/wp\/v2\/pages\/89"}],"collection":[{"href":"http:\/\/lambda-sa.pl\/lambda\/index.php?rest_route=\/wp\/v2\/pages"}],"about":[{"href":"http:\/\/lambda-sa.pl\/lambda\/index.php?rest_route=\/wp\/v2\/types\/page"}],"author":[{"embeddable":true,"href":"http:\/\/lambda-sa.pl\/lambda\/index.php?rest_route=\/wp\/v2\/users\/1"}],"replies":[{"embeddable":true,"href":"http:\/\/lambda-sa.pl\/lambda\/index.php?rest_route=%2Fwp%2Fv2%2Fcomments&post=89"}],"version-history":[{"count":6,"href":"http:\/\/lambda-sa.pl\/lambda\/index.php?rest_route=\/wp\/v2\/pages\/89\/revisions"}],"predecessor-version":[{"id":169,"href":"http:\/\/lambda-sa.pl\/lambda\/index.php?rest_route=\/wp\/v2\/pages\/89\/revisions\/169"}],"wp:attachment":[{"href":"http:\/\/lambda-sa.pl\/lambda\/index.php?rest_route=%2Fwp%2Fv2%2Fmedia&parent=89"}],"curies":[{"name":"wp","href":"https:\/\/api.w.org\/{rel}","templated":true}]}}